{"id":4067,"date":"2024-02-06T17:12:59","date_gmt":"2024-02-06T17:12:59","guid":{"rendered":"https:\/\/lavaresi.ch\/pour-les-bailleurs\/"},"modified":"2025-11-06T13:19:52","modified_gmt":"2025-11-06T13:19:52","slug":"pour-les-bailleurs","status":"publish","type":"page","link":"https:\/\/lavaresi.ch\/fr\/pour-les-bailleurs\/","title":{"rendered":"Pour les bailleurs"},"content":{"rendered":"\t\t<div data-elementor-type=\"wp-page\" data-elementor-id=\"4067\" class=\"elementor elementor-4067 elementor-583\" data-elementor-post-type=\"page\">\n\t\t\t\t<div class=\"elementor-element elementor-element-408ed03a e-flex e-con-boxed e-con e-parent\" data-id=\"408ed03a\" data-element_type=\"container\" data-settings=\"{&quot;background_background&quot;:&quot;gradient&quot;,&quot;shape_divider_bottom&quot;:&quot;waves&quot;}\">\n\t\t\t\t\t<div class=\"e-con-inner\">\n\t\t\t\t<div class=\"elementor-shape elementor-shape-bottom\" aria-hidden=\"true\" data-negative=\"false\">\n\t\t\t<svg xmlns=\"http:\/\/www.w3.org\/2000\/svg\" viewBox=\"0 0 1000 100\" preserveAspectRatio=\"none\">\n\t<path class=\"elementor-shape-fill\" d=\"M421.9,6.5c22.6-2.5,51.5,0.4,75.5,5.3c23.6,4.9,70.9,23.5,100.5,35.7c75.8,32.2,133.7,44.5,192.6,49.7\n\tc23.6,2.1,48.7,3.5,103.4-2.5c54.7-6,106.2-25.6,106.2-25.6V0H0v30.3c0,0,72,32.6,158.4,30.5c39.2-0.7,92.8-6.7,134-22.4\n\tc21.2-8.1,52.2-18.2,79.7-24.2C399.3,7.9,411.6,7.5,421.9,6.5z\"\/>\n<\/svg>\t\t<\/div>\n\t\t\t\t<div class=\"elementor-element elementor-element-163c157c elementor-widget elementor-widget-heading\" data-id=\"163c157c\" data-element_type=\"widget\" data-widget_type=\"heading.default\">\n\t\t\t\t<div class=\"elementor-widget-container\">\n\t\t\t\t\t<h1 class=\"elementor-heading-title elementor-size-default\">Pour les bailleurs<\/h1>\t\t\t\t<\/div>\n\t\t\t\t<\/div>\n\t\t\t\t\t<\/div>\n\t\t\t\t<\/div>\n\t\t<div class=\"elementor-element elementor-element-eade690 e-flex e-con-boxed e-con e-parent\" data-id=\"eade690\" data-element_type=\"container\" data-settings=\"{&quot;background_background&quot;:&quot;classic&quot;}\">\n\t\t\t\t\t<div class=\"e-con-inner\">\n\t\t<div class=\"elementor-element elementor-element-b9e2b0c e-flex e-con-boxed e-con e-child\" data-id=\"b9e2b0c\" data-element_type=\"container\">\n\t\t\t\t\t<div class=\"e-con-inner\">\n\t\t<div class=\"elementor-element elementor-element-adba424 e-con-full e-flex e-con e-child\" data-id=\"adba424\" data-element_type=\"container\">\n\t\t\t\t<div class=\"elementor-element elementor-element-1cddd96 elementor-widget elementor-widget-image\" data-id=\"1cddd96\" data-element_type=\"widget\" data-settings=\"{&quot;motion_fx_translateY_effect&quot;:&quot;yes&quot;,&quot;motion_fx_translateY_direction&quot;:&quot;negative&quot;,&quot;motion_fx_translateY_speed&quot;:{&quot;unit&quot;:&quot;px&quot;,&quot;size&quot;:&quot;1&quot;,&quot;sizes&quot;:[]},&quot;motion_fx_motion_fx_scrolling&quot;:&quot;yes&quot;,&quot;motion_fx_translateY_affectedRange&quot;:{&quot;unit&quot;:&quot;%&quot;,&quot;size&quot;:&quot;&quot;,&quot;sizes&quot;:{&quot;start&quot;:0,&quot;end&quot;:100}},&quot;motion_fx_devices&quot;:[&quot;desktop&quot;,&quot;tablet&quot;,&quot;mobile&quot;]}\" data-widget_type=\"image.default\">\n\t\t\t\t<div class=\"elementor-widget-container\">\n\t\t\t\t\t\t\t\t\t\t\t\t\t\t\t<img fetchpriority=\"high\" decoding=\"async\" width=\"1000\" height=\"667\" src=\"https:\/\/lavaresi.ch\/wp-content\/uploads\/2024\/03\/iStock-1446804164-copy.jpg\" class=\"attachment-full size-full wp-image-4070\" alt=\"\" srcset=\"https:\/\/lavaresi.ch\/wp-content\/uploads\/2024\/03\/iStock-1446804164-copy.jpg 1000w, https:\/\/lavaresi.ch\/wp-content\/uploads\/2024\/03\/iStock-1446804164-copy-300x200.jpg 300w, https:\/\/lavaresi.ch\/wp-content\/uploads\/2024\/03\/iStock-1446804164-copy-768x512.jpg 768w\" sizes=\"(max-width: 1000px) 100vw, 1000px\" \/>\t\t\t\t\t\t\t\t\t\t\t\t\t\t\t<\/div>\n\t\t\t\t<\/div>\n\t\t\t\t<\/div>\n\t\t<div class=\"elementor-element elementor-element-bf8dce4 e-flex e-con-boxed e-con e-child\" data-id=\"bf8dce4\" data-element_type=\"container\">\n\t\t\t\t\t<div class=\"e-con-inner\">\n\t\t<div class=\"elementor-element elementor-element-2b86687f e-con-full e-flex e-con e-child\" data-id=\"2b86687f\" data-element_type=\"container\">\n\t\t\t\t<div class=\"elementor-element elementor-element-6c19a8b6 elementor-widget__width-initial elementor-widget elementor-widget-heading\" data-id=\"6c19a8b6\" data-element_type=\"widget\" data-widget_type=\"heading.default\">\n\t\t\t\t<div class=\"elementor-widget-container\">\n\t\t\t\t\t<h2 class=\"elementor-heading-title elementor-size-default\">Gestionnaires d'immeubles<\/h2>\t\t\t\t<\/div>\n\t\t\t\t<\/div>\n\t\t\t\t<div class=\"elementor-element elementor-element-35f45288 elementor-widget-tablet__width-initial elementor-widget elementor-widget-text-editor\" data-id=\"35f45288\" data-element_type=\"widget\" data-widget_type=\"text-editor.default\">\n\t\t\t\t<div class=\"elementor-widget-container\">\n\t\t\t\t\t\t\t\t\t<p>Les bailleurs ou les gestionnaires d&rsquo;immeubles n&rsquo;ont plus besoin d&rsquo;administrer un plan de lavage. Lavaresi s&rsquo;en charge et offre une tr\u00e8s grande flexibilit\u00e9 \u00e0 tous les locataires. <\/p><p>Pour les locataires qui ne poss\u00e8dent pas de smartphone \/ tablette ou d&rsquo;ordinateur, des r\u00e9servations r\u00e9currentes fixes peuvent \u00eatre enregistr\u00e9es. Les autres locataires s&rsquo;organisent de mani\u00e8re autonome. Un grand d\u00e9sagr\u00e9ment (mot-cl\u00e9 : \u00ab\u00a0la cl\u00e9 de la buanderie\u00a0\u00bb de Hugo Loetscher\u00a0\u00bb) s&rsquo;\u00e9vanouit.    <\/p><p>De plus, les loueurs obtiennent des analyses pr\u00e9cieuses sur l&rsquo;utilisation de l&rsquo;infrastructure mise \u00e0 disposition et sur son utilisation. Il est ainsi tr\u00e8s facile de d\u00e9terminer o\u00f9 il faut plus de machines ou o\u00f9 les capacit\u00e9s sont trop importantes. Une exploitation \u00e9conome en ressources et rentable peut \u00eatre garantie. &#8211; Une \u00e9conomie partag\u00e9e efficace et \u00e9cologique pour le bien des locataires et des bailleurs.   <\/p>\t\t\t\t\t\t\t\t<\/div>\n\t\t\t\t<\/div>\n\t\t\t\t<div class=\"elementor-element elementor-element-6085675 elementor-align-left elementor-mobile-align-center elementor-widget elementor-widget-button\" data-id=\"6085675\" data-element_type=\"widget\" data-widget_type=\"button.default\">\n\t\t\t\t<div class=\"elementor-widget-container\">\n\t\t\t\t\t\t\t\t\t<div class=\"elementor-button-wrapper\">\n\t\t\t\t\t<a class=\"elementor-button elementor-button-link elementor-size-md\" href=\"https:\/\/lavaresi.ch\/registration-property-manager\/\">\n\t\t\t\t\t\t<span class=\"elementor-button-content-wrapper\">\n\t\t\t\t\t\t<span class=\"elementor-button-icon\">\n\t\t\t\t<i aria-hidden=\"true\" class=\"fas fa-arrow-right\"><\/i>\t\t\t<\/span>\n\t\t\t\t\t\t\t\t\t<span class=\"elementor-button-text\">Gestion des biens immobiliers : \"Je voudrais en savoir plus\".<\/span>\n\t\t\t\t\t<\/span>\n\t\t\t\t\t<\/a>\n\t\t\t\t<\/div>\n\t\t\t\t\t\t\t\t<\/div>\n\t\t\t\t<\/div>\n\t\t\t\t<\/div>\n\t\t\t\t\t<\/div>\n\t\t\t\t<\/div>\n\t\t\t\t\t<\/div>\n\t\t\t\t<\/div>\n\t\t<div class=\"elementor-element elementor-element-e1a9acc e-flex e-con-boxed e-con e-child\" data-id=\"e1a9acc\" data-element_type=\"container\">\n\t\t\t\t\t<div class=\"e-con-inner\">\n\t\t<div class=\"elementor-element elementor-element-3e7bfed e-flex e-con-boxed e-con e-child\" data-id=\"3e7bfed\" data-element_type=\"container\">\n\t\t\t\t\t<div class=\"e-con-inner\">\n\t\t<div class=\"elementor-element elementor-element-ae32c8f e-con-full e-flex e-con e-child\" data-id=\"ae32c8f\" data-element_type=\"container\">\n\t\t\t\t<div class=\"elementor-element elementor-element-0965d59 elementor-widget elementor-widget-heading\" data-id=\"0965d59\" data-element_type=\"widget\" data-widget_type=\"heading.default\">\n\t\t\t\t<div class=\"elementor-widget-container\">\n\t\t\t\t\t<h2 class=\"elementor-heading-title elementor-size-default\">Propri\u00e9taire<\/h2>\t\t\t\t<\/div>\n\t\t\t\t<\/div>\n\t\t\t\t<div class=\"elementor-element elementor-element-b7ce382 elementor-widget elementor-widget-text-editor\" data-id=\"b7ce382\" data-element_type=\"widget\" data-widget_type=\"text-editor.default\">\n\t\t\t\t<div class=\"elementor-widget-container\">\n\t\t\t\t\t\t\t\t\t<p>Les infrastructures de lavage et de s\u00e9chage partag\u00e9es (machines et locaux) sont en principe efficaces, \u00e9cologiques et peu co\u00fbteuses.<\/p><p>De nombreux propri\u00e9taires d&rsquo;immeubles collectifs ont constat\u00e9 que l&rsquo;utilisation commune de buanderies et de s\u00e9choirs \u00e9tait source d&rsquo;ennuis et de travail suppl\u00e9mentaire. C&rsquo;est pourquoi des infrastructures et de l&rsquo;espace sont parfois mis \u00e0 disposition dans chaque unit\u00e9 d&rsquo;habitation. <\/p>\n<p>D\u00e8s qu&rsquo;une buanderie partag\u00e9e ou un grand local de s\u00e9chage peuvent \u00eatre r\u00e9serv\u00e9s et utilis\u00e9s de mani\u00e8re simple et flexible, les avantages d&rsquo;une infrastructure centralis\u00e9e l&#8217;emportent. Les jeunes g\u00e9n\u00e9rations de locataires, en particulier, sont habitu\u00e9es aux mod\u00e8les d&rsquo;\u00e9conomie partag\u00e9e. Pour les locataires, il est souvent pr\u00e9f\u00e9rable de disposer de plus d&rsquo;espace dans leur logement.  <\/p>\n<p>De nombreux nouveaux logements en Suisse sont donc construits avec des infrastructures de lavage partag\u00e9es, notamment pour des raisons \u00e9cologiques.<\/p>\n<p>Lavaresi organise des infrastructures de lavage et de s\u00e9chage partag\u00e9es et offre une grande satisfaction aux locataires, \u00e0 un co\u00fbt tr\u00e8s faible et clairement calculable par unit\u00e9.<\/p>\t\t\t\t\t\t\t\t<\/div>\n\t\t\t\t<\/div>\n\t\t\t\t<div class=\"elementor-element elementor-element-cbec751 elementor-align-left elementor-mobile-align-center elementor-widget elementor-widget-button\" data-id=\"cbec751\" data-element_type=\"widget\" data-widget_type=\"button.default\">\n\t\t\t\t<div class=\"elementor-widget-container\">\n\t\t\t\t\t\t\t\t\t<div class=\"elementor-button-wrapper\">\n\t\t\t\t\t<a class=\"elementor-button elementor-button-link elementor-size-md\" href=\"https:\/\/lavaresi.ch\/registration-liegenschaften-eigentuemer\/\">\n\t\t\t\t\t\t<span class=\"elementor-button-content-wrapper\">\n\t\t\t\t\t\t<span class=\"elementor-button-icon\">\n\t\t\t\t<i aria-hidden=\"true\" class=\"fas fa-arrow-right\"><\/i>\t\t\t<\/span>\n\t\t\t\t\t\t\t\t\t<span class=\"elementor-button-text\">Propri\u00e9taire : \"J'aimerais parler \u00e0 Lavaresi\".<\/span>\n\t\t\t\t\t<\/span>\n\t\t\t\t\t<\/a>\n\t\t\t\t<\/div>\n\t\t\t\t\t\t\t\t<\/div>\n\t\t\t\t<\/div>\n\t\t\t\t<\/div>\n\t\t\t\t\t<\/div>\n\t\t\t\t<\/div>\n\t\t<div class=\"elementor-element elementor-element-30eb215 e-con-full e-flex e-con e-child\" data-id=\"30eb215\" data-element_type=\"container\">\n\t\t\t\t<div class=\"elementor-element elementor-element-6f01e1d elementor-widget elementor-widget-image\" data-id=\"6f01e1d\" data-element_type=\"widget\" data-settings=\"{&quot;motion_fx_translateY_effect&quot;:&quot;yes&quot;,&quot;motion_fx_translateY_direction&quot;:&quot;negative&quot;,&quot;motion_fx_translateY_speed&quot;:{&quot;unit&quot;:&quot;px&quot;,&quot;size&quot;:&quot;1&quot;,&quot;sizes&quot;:[]},&quot;motion_fx_motion_fx_scrolling&quot;:&quot;yes&quot;,&quot;motion_fx_translateY_affectedRange&quot;:{&quot;unit&quot;:&quot;%&quot;,&quot;size&quot;:&quot;&quot;,&quot;sizes&quot;:{&quot;start&quot;:0,&quot;end&quot;:100}},&quot;motion_fx_devices&quot;:[&quot;desktop&quot;,&quot;tablet&quot;,&quot;mobile&quot;]}\" data-widget_type=\"image.default\">\n\t\t\t\t<div class=\"elementor-widget-container\">\n\t\t\t\t\t\t\t\t\t\t\t\t\t\t\t<img decoding=\"async\" width=\"800\" height=\"534\" src=\"https:\/\/lavaresi.ch\/wp-content\/uploads\/2024\/06\/dealer-key-real-estate-agent-2023-11-27-05-15-52-utc-3.jpg\" class=\"attachment-full size-full wp-image-4075\" alt=\"\" srcset=\"https:\/\/lavaresi.ch\/wp-content\/uploads\/2024\/06\/dealer-key-real-estate-agent-2023-11-27-05-15-52-utc-3.jpg 800w, https:\/\/lavaresi.ch\/wp-content\/uploads\/2024\/06\/dealer-key-real-estate-agent-2023-11-27-05-15-52-utc-3-300x200.jpg 300w, https:\/\/lavaresi.ch\/wp-content\/uploads\/2024\/06\/dealer-key-real-estate-agent-2023-11-27-05-15-52-utc-3-768x513.jpg 768w\" sizes=\"(max-width: 800px) 100vw, 800px\" \/>\t\t\t\t\t\t\t\t\t\t\t\t\t\t\t<\/div>\n\t\t\t\t<\/div>\n\t\t\t\t<\/div>\n\t\t\t\t\t<\/div>\n\t\t\t\t<\/div>\n\t\t<div class=\"elementor-element elementor-element-652a5d6 e-flex e-con-boxed e-con e-child\" data-id=\"652a5d6\" data-element_type=\"container\">\n\t\t\t\t\t<div class=\"e-con-inner\">\n\t\t<div class=\"elementor-element elementor-element-0aafcb5 e-con-full e-flex e-con e-child\" data-id=\"0aafcb5\" data-element_type=\"container\">\n\t\t\t\t<div class=\"elementor-element elementor-element-45e1259 elementor-widget elementor-widget-image\" data-id=\"45e1259\" data-element_type=\"widget\" data-settings=\"{&quot;motion_fx_translateY_effect&quot;:&quot;yes&quot;,&quot;motion_fx_translateY_direction&quot;:&quot;negative&quot;,&quot;motion_fx_translateY_speed&quot;:{&quot;unit&quot;:&quot;px&quot;,&quot;size&quot;:&quot;1&quot;,&quot;sizes&quot;:[]},&quot;motion_fx_motion_fx_scrolling&quot;:&quot;yes&quot;,&quot;motion_fx_translateY_affectedRange&quot;:{&quot;unit&quot;:&quot;%&quot;,&quot;size&quot;:&quot;&quot;,&quot;sizes&quot;:{&quot;start&quot;:0,&quot;end&quot;:100}},&quot;motion_fx_devices&quot;:[&quot;desktop&quot;,&quot;tablet&quot;,&quot;mobile&quot;]}\" data-widget_type=\"image.default\">\n\t\t\t\t<div class=\"elementor-widget-container\">\n\t\t\t\t\t\t\t\t\t\t\t\t\t\t\t<img decoding=\"async\" width=\"1000\" height=\"667\" src=\"https:\/\/lavaresi.ch\/wp-content\/uploads\/2024\/03\/pexels-karolina-grabowska-4491459-copy.jpg\" class=\"attachment-full size-full wp-image-4069\" alt=\"\" srcset=\"https:\/\/lavaresi.ch\/wp-content\/uploads\/2024\/03\/pexels-karolina-grabowska-4491459-copy.jpg 1000w, https:\/\/lavaresi.ch\/wp-content\/uploads\/2024\/03\/pexels-karolina-grabowska-4491459-copy-300x200.jpg 300w, https:\/\/lavaresi.ch\/wp-content\/uploads\/2024\/03\/pexels-karolina-grabowska-4491459-copy-768x512.jpg 768w\" sizes=\"(max-width: 1000px) 100vw, 1000px\" \/>\t\t\t\t\t\t\t\t\t\t\t\t\t\t\t<\/div>\n\t\t\t\t<\/div>\n\t\t\t\t<\/div>\n\t\t<div class=\"elementor-element elementor-element-9be86a0 e-flex e-con-boxed e-con e-child\" data-id=\"9be86a0\" data-element_type=\"container\">\n\t\t\t\t\t<div class=\"e-con-inner\">\n\t\t<div class=\"elementor-element elementor-element-df5c8e0 e-con-full e-flex e-con e-child\" data-id=\"df5c8e0\" data-element_type=\"container\">\n\t\t\t\t<div class=\"elementor-element elementor-element-be28a64 elementor-widget elementor-widget-heading\" data-id=\"be28a64\" data-element_type=\"widget\" data-widget_type=\"heading.default\">\n\t\t\t\t<div class=\"elementor-widget-container\">\n\t\t\t\t\t<h2 class=\"elementor-heading-title elementor-size-default\">Architectes<\/h2>\t\t\t\t<\/div>\n\t\t\t\t<\/div>\n\t\t\t\t<div class=\"elementor-element elementor-element-8cc279d elementor-widget elementor-widget-text-editor\" data-id=\"8cc279d\" data-element_type=\"widget\" data-widget_type=\"text-editor.default\">\n\t\t\t\t<div class=\"elementor-widget-container\">\n\t\t\t\t\t\t\t\t\t<p>Ils souhaitent construire de mani\u00e8re \u00e9cologique et obtenir le meilleur confort possible pour les occupants.<\/p><p>Aujourd&rsquo;hui, les solutions standard connues et courantes sont le commutateur de compteur de machine \u00e0 laver (WZU), les distributeurs de pi\u00e8ces\/de billets, les badges, les syst\u00e8mes de dongle et les syst\u00e8mes de cartes de cr\u00e9dit\/d\u00e9bit.  <\/p><p>La plupart du temps, il s&rsquo;agit de syst\u00e8mes passifs qui se concentrent sur le syst\u00e8me de paiement. Avec Lavaresi, le locataire est au centre de l&rsquo;attention : Lavaresi offre beaucoup plus de confort : les locataires peuvent r\u00e9server un rendez-vous libre \u00e0 tout moment et de n&rsquo;importe o\u00f9. Et le paiement se fait sans contact via le compte personnel (c&rsquo;est une fonction optionnelle).  <\/p><p>Les propri\u00e9taires re\u00e7oivent par la suite de tr\u00e8s nombreuses donn\u00e9es qualifi\u00e9es (acc\u00e8s Lavaresi Analytics sur la base de tableaux de bord Apache Superset) avec lesquelles l&rsquo;infrastructure peut \u00eatre optimis\u00e9e par site. Toute la solution est intelligente, du locataire au propri\u00e9taire en passant par l&rsquo;exploitant. <\/p><p>Que pouvez-vous faire maintenant en tant qu&rsquo;architecte ?<\/p>\t\t\t\t\t\t\t\t<\/div>\n\t\t\t\t<\/div>\n\t\t\t\t<div class=\"elementor-element elementor-element-3ef9cd1 elementor-align-left elementor-mobile-align-center elementor-widget elementor-widget-button\" data-id=\"3ef9cd1\" data-element_type=\"widget\" data-widget_type=\"button.default\">\n\t\t\t\t<div class=\"elementor-widget-container\">\n\t\t\t\t\t\t\t\t\t<div class=\"elementor-button-wrapper\">\n\t\t\t\t\t<a class=\"elementor-button elementor-button-link elementor-size-md\" href=\"https:\/\/lavaresi.ch\/registration-architekten\/\">\n\t\t\t\t\t\t<span class=\"elementor-button-content-wrapper\">\n\t\t\t\t\t\t<span class=\"elementor-button-icon\">\n\t\t\t\t<i aria-hidden=\"true\" class=\"fas fa-arrow-right\"><\/i>\t\t\t<\/span>\n\t\t\t\t\t\t\t\t\t<span class=\"elementor-button-text\">\"Que m'apporte Lavaresi en tant qu'architecte ?\"<\/span>\n\t\t\t\t\t<\/span>\n\t\t\t\t\t<\/a>\n\t\t\t\t<\/div>\n\t\t\t\t\t\t\t\t<\/div>\n\t\t\t\t<\/div>\n\t\t\t\t<\/div>\n\t\t\t\t\t<\/div>\n\t\t\t\t<\/div>\n\t\t\t\t\t<\/div>\n\t\t\t\t<\/div>\n\t\t<div class=\"elementor-element elementor-element-359bc25 e-flex e-con-boxed e-con e-child\" data-id=\"359bc25\" data-element_type=\"container\">\n\t\t\t\t\t<div class=\"e-con-inner\">\n\t\t<div class=\"elementor-element elementor-element-379a6d5 e-flex e-con-boxed e-con e-child\" data-id=\"379a6d5\" data-element_type=\"container\">\n\t\t\t\t\t<div class=\"e-con-inner\">\n\t\t<div class=\"elementor-element elementor-element-7c49af6 e-con-full e-flex e-con e-child\" data-id=\"7c49af6\" data-element_type=\"container\">\n\t\t\t\t<div class=\"elementor-element elementor-element-5197cde elementor-widget elementor-widget-heading\" data-id=\"5197cde\" data-element_type=\"widget\" data-widget_type=\"heading.default\">\n\t\t\t\t<div class=\"elementor-widget-container\">\n\t\t\t\t\t<h2 class=\"elementor-heading-title elementor-size-default\">Investisseurs<\/h2>\t\t\t\t<\/div>\n\t\t\t\t<\/div>\n\t\t\t\t<div class=\"elementor-element elementor-element-fd0b7a3 elementor-widget elementor-widget-text-editor\" data-id=\"fd0b7a3\" data-element_type=\"widget\" data-widget_type=\"text-editor.default\">\n\t\t\t\t<div class=\"elementor-widget-container\">\n\t\t\t\t\t\t\t\t\t<p>Les exigences des locataires ne cessent d&rsquo;augmenter. Malgr\u00e9 la p\u00e9nurie permanente de logements, les logements locatifs doivent aujourd&rsquo;hui offrir un niveau \u00e9lev\u00e9 de confort et d&rsquo;utilit\u00e9. <\/p><p>Plut\u00f4t que d&rsquo;\u00e9quiper chaque logement de machines \u00e0 laver, de s\u00e8che-linge et d&rsquo;un espace pour les \u00e9tendoirs, les infrastructures de lavage partag\u00e9es bien g\u00e9r\u00e9es peuvent offrir un confort suppl\u00e9mentaire aux locataires dans les logements modernes. Si les capacit\u00e9s sont suffisantes et que les r\u00e9servations sont flexibles, les avantages l&#8217;emportent. Les jeunes locataires, en particulier, voient de grands avantages dans les mod\u00e8les d&rsquo;\u00e9conomie partag\u00e9e. Et cela offre \u00e0 son tour aux investisseurs un rendement durable de clients satisfaits.     <\/p><p>Vous souhaitez en discuter avec nous et r\u00e9fl\u00e9chir et calculer d&rsquo;\u00e9ventuels projets d&rsquo;investissement avec l&rsquo;approche Lavaresi ? Nous sommes \u00e0 votre disposition. <\/p>\t\t\t\t\t\t\t\t<\/div>\n\t\t\t\t<\/div>\n\t\t\t\t<div class=\"elementor-element elementor-element-b6d3227 elementor-align-left elementor-mobile-align-center elementor-widget elementor-widget-button\" data-id=\"b6d3227\" data-element_type=\"widget\" data-widget_type=\"button.default\">\n\t\t\t\t<div class=\"elementor-widget-container\">\n\t\t\t\t\t\t\t\t\t<div class=\"elementor-button-wrapper\">\n\t\t\t\t\t<a class=\"elementor-button elementor-button-link elementor-size-md\" href=\"https:\/\/lavaresi.ch\/registration-investoren\/\">\n\t\t\t\t\t\t<span class=\"elementor-button-content-wrapper\">\n\t\t\t\t\t\t<span class=\"elementor-button-icon\">\n\t\t\t\t<i aria-hidden=\"true\" class=\"fas fa-arrow-right\"><\/i>\t\t\t<\/span>\n\t\t\t\t\t\t\t\t\t<span class=\"elementor-button-text\">Investisseurs : \"Pourquoi Lavaresi est-il important pour moi ?\"<\/span>\n\t\t\t\t\t<\/span>\n\t\t\t\t\t<\/a>\n\t\t\t\t<\/div>\n\t\t\t\t\t\t\t\t<\/div>\n\t\t\t\t<\/div>\n\t\t\t\t<\/div>\n\t\t\t\t\t<\/div>\n\t\t\t\t<\/div>\n\t\t<div class=\"elementor-element elementor-element-9f346ba e-con-full e-flex e-con e-child\" data-id=\"9f346ba\" data-element_type=\"container\">\n\t\t\t\t<div class=\"elementor-element elementor-element-231e344 elementor-widget elementor-widget-image\" data-id=\"231e344\" data-element_type=\"widget\" data-settings=\"{&quot;motion_fx_translateY_effect&quot;:&quot;yes&quot;,&quot;motion_fx_translateY_direction&quot;:&quot;negative&quot;,&quot;motion_fx_translateY_speed&quot;:{&quot;unit&quot;:&quot;px&quot;,&quot;size&quot;:&quot;1&quot;,&quot;sizes&quot;:[]},&quot;motion_fx_motion_fx_scrolling&quot;:&quot;yes&quot;,&quot;motion_fx_translateY_affectedRange&quot;:{&quot;unit&quot;:&quot;%&quot;,&quot;size&quot;:&quot;&quot;,&quot;sizes&quot;:{&quot;start&quot;:0,&quot;end&quot;:100}},&quot;motion_fx_devices&quot;:[&quot;desktop&quot;,&quot;tablet&quot;,&quot;mobile&quot;]}\" data-widget_type=\"image.default\">\n\t\t\t\t<div class=\"elementor-widget-container\">\n\t\t\t\t\t\t\t\t\t\t\t\t\t\t\t<img loading=\"lazy\" decoding=\"async\" width=\"1200\" height=\"800\" src=\"https:\/\/lavaresi.ch\/wp-content\/uploads\/2024\/04\/businesswoman-accounting-using-phone-calculating-i-2023-11-27-05-12-39-utc.jpeg\" class=\"attachment-full size-full wp-image-4074\" alt=\"\" srcset=\"https:\/\/lavaresi.ch\/wp-content\/uploads\/2024\/04\/businesswoman-accounting-using-phone-calculating-i-2023-11-27-05-12-39-utc.jpeg 1200w, https:\/\/lavaresi.ch\/wp-content\/uploads\/2024\/04\/businesswoman-accounting-using-phone-calculating-i-2023-11-27-05-12-39-utc-300x200.jpeg 300w, https:\/\/lavaresi.ch\/wp-content\/uploads\/2024\/04\/businesswoman-accounting-using-phone-calculating-i-2023-11-27-05-12-39-utc-1024x683.jpeg 1024w, https:\/\/lavaresi.ch\/wp-content\/uploads\/2024\/04\/businesswoman-accounting-using-phone-calculating-i-2023-11-27-05-12-39-utc-768x512.jpeg 768w\" sizes=\"(max-width: 1200px) 100vw, 1200px\" \/>\t\t\t\t\t\t\t\t\t\t\t\t\t\t\t<\/div>\n\t\t\t\t<\/div>\n\t\t\t\t<\/div>\n\t\t\t\t\t<\/div>\n\t\t\t\t<\/div>\n\t\t\t\t\t<\/div>\n\t\t\t\t<\/div>\n\t\t\t\t<\/div>\n\t\t","protected":false},"excerpt":{"rendered":"<p>Pour les bailleurs Gestionnaires d&rsquo;immeubles Les bailleurs ou les gestionnaires d&rsquo;immeubles n&rsquo;ont plus besoin d&rsquo;administrer un plan de lavage. Lavaresi s&rsquo;en charge et offre une tr\u00e8s grande flexibilit\u00e9 \u00e0 tous les locataires. Pour les locataires qui ne poss\u00e8dent pas de smartphone \/ tablette ou d&rsquo;ordinateur, des r\u00e9servations r\u00e9currentes fixes peuvent \u00eatre enregistr\u00e9es. Les autres locataires [&hellip;]<\/p>\n","protected":false},"author":1,"featured_media":0,"parent":0,"menu_order":0,"comment_status":"closed","ping_status":"closed","template":"","meta":{"footnotes":""},"class_list":["post-4067","page","type-page","status-publish","hentry"],"_links":{"self":[{"href":"https:\/\/lavaresi.ch\/fr\/wp-json\/wp\/v2\/pages\/4067","targetHints":{"allow":["GET"]}}],"collection":[{"href":"https:\/\/lavaresi.ch\/fr\/wp-json\/wp\/v2\/pages"}],"about":[{"href":"https:\/\/lavaresi.ch\/fr\/wp-json\/wp\/v2\/types\/page"}],"author":[{"embeddable":true,"href":"https:\/\/lavaresi.ch\/fr\/wp-json\/wp\/v2\/users\/1"}],"replies":[{"embeddable":true,"href":"https:\/\/lavaresi.ch\/fr\/wp-json\/wp\/v2\/comments?post=4067"}],"version-history":[{"count":4,"href":"https:\/\/lavaresi.ch\/fr\/wp-json\/wp\/v2\/pages\/4067\/revisions"}],"predecessor-version":[{"id":4091,"href":"https:\/\/lavaresi.ch\/fr\/wp-json\/wp\/v2\/pages\/4067\/revisions\/4091"}],"wp:attachment":[{"href":"https:\/\/lavaresi.ch\/fr\/wp-json\/wp\/v2\/media?parent=4067"}],"curies":[{"name":"wp","href":"https:\/\/api.w.org\/{rel}","templated":true}]}}