{"id":4079,"date":"2024-02-06T17:12:59","date_gmt":"2024-02-06T17:12:59","guid":{"rendered":"https:\/\/lavaresi.ch\/pour-les-fins-de-location\/"},"modified":"2025-11-06T13:04:27","modified_gmt":"2025-11-06T13:04:27","slug":"pour-les-fins-de-location","status":"publish","type":"page","link":"https:\/\/lavaresi.ch\/fr\/pour-les-fins-de-location\/","title":{"rendered":"Pour les locataires"},"content":{"rendered":"\t\t<div data-elementor-type=\"wp-page\" data-elementor-id=\"4079\" class=\"elementor elementor-4079 elementor-600\" data-elementor-post-type=\"page\">\n\t\t\t\t<div class=\"elementor-element elementor-element-46f7489a e-flex e-con-boxed e-con e-parent\" data-id=\"46f7489a\" data-element_type=\"container\" data-settings=\"{&quot;background_background&quot;:&quot;gradient&quot;,&quot;shape_divider_bottom&quot;:&quot;waves&quot;}\">\n\t\t\t\t\t<div class=\"e-con-inner\">\n\t\t\t\t<div class=\"elementor-shape elementor-shape-bottom\" aria-hidden=\"true\" data-negative=\"false\">\n\t\t\t<svg xmlns=\"http:\/\/www.w3.org\/2000\/svg\" viewBox=\"0 0 1000 100\" preserveAspectRatio=\"none\">\n\t<path class=\"elementor-shape-fill\" d=\"M421.9,6.5c22.6-2.5,51.5,0.4,75.5,5.3c23.6,4.9,70.9,23.5,100.5,35.7c75.8,32.2,133.7,44.5,192.6,49.7\n\tc23.6,2.1,48.7,3.5,103.4-2.5c54.7-6,106.2-25.6,106.2-25.6V0H0v30.3c0,0,72,32.6,158.4,30.5c39.2-0.7,92.8-6.7,134-22.4\n\tc21.2-8.1,52.2-18.2,79.7-24.2C399.3,7.9,411.6,7.5,421.9,6.5z\"\/>\n<\/svg>\t\t<\/div>\n\t\t\t\t<div class=\"elementor-element elementor-element-76a7a093 elementor-widget elementor-widget-heading\" data-id=\"76a7a093\" data-element_type=\"widget\" data-widget_type=\"heading.default\">\n\t\t\t\t<div class=\"elementor-widget-container\">\n\t\t\t\t\t<h1 class=\"elementor-heading-title elementor-size-default\">Pour les locataires<\/h1>\t\t\t\t<\/div>\n\t\t\t\t<\/div>\n\t\t\t\t\t<\/div>\n\t\t\t\t<\/div>\n\t\t<div class=\"elementor-element elementor-element-5d44a43c e-flex e-con-boxed e-con e-parent\" data-id=\"5d44a43c\" data-element_type=\"container\" data-settings=\"{&quot;background_background&quot;:&quot;classic&quot;}\">\n\t\t\t\t\t<div class=\"e-con-inner\">\n\t\t<div class=\"elementor-element elementor-element-3f2490e e-con-full e-flex e-con e-child\" data-id=\"3f2490e\" data-element_type=\"container\">\n\t\t\t\t<div class=\"elementor-element elementor-element-a648a91 elementor-widget__width-initial elementor-widget-tablet__width-inherit elementor-widget elementor-widget-image\" data-id=\"a648a91\" data-element_type=\"widget\" data-settings=\"{&quot;motion_fx_motion_fx_scrolling&quot;:&quot;yes&quot;,&quot;motion_fx_translateY_effect&quot;:&quot;yes&quot;,&quot;motion_fx_translateY_speed&quot;:{&quot;unit&quot;:&quot;px&quot;,&quot;size&quot;:&quot;1&quot;,&quot;sizes&quot;:[]},&quot;motion_fx_translateY_affectedRange&quot;:{&quot;unit&quot;:&quot;%&quot;,&quot;size&quot;:&quot;&quot;,&quot;sizes&quot;:{&quot;start&quot;:0,&quot;end&quot;:100}},&quot;motion_fx_devices&quot;:[&quot;desktop&quot;,&quot;tablet&quot;,&quot;mobile&quot;]}\" data-widget_type=\"image.default\">\n\t\t\t\t<div class=\"elementor-widget-container\">\n\t\t\t\t\t\t\t\t\t\t\t\t\t\t\t<img fetchpriority=\"high\" decoding=\"async\" width=\"1200\" height=\"801\" src=\"https:\/\/lavaresi.ch\/wp-content\/uploads\/2024\/04\/landry-man.jpg\" class=\"attachment-full size-full wp-image-4084\" alt=\"\" srcset=\"https:\/\/lavaresi.ch\/wp-content\/uploads\/2024\/04\/landry-man.jpg 1200w, https:\/\/lavaresi.ch\/wp-content\/uploads\/2024\/04\/landry-man-300x200.jpg 300w, https:\/\/lavaresi.ch\/wp-content\/uploads\/2024\/04\/landry-man-1024x684.jpg 1024w, https:\/\/lavaresi.ch\/wp-content\/uploads\/2024\/04\/landry-man-768x513.jpg 768w\" sizes=\"(max-width: 1200px) 100vw, 1200px\" \/>\t\t\t\t\t\t\t\t\t\t\t\t\t\t\t<\/div>\n\t\t\t\t<\/div>\n\t\t<div class=\"elementor-element elementor-element-fac228c e-con-full e-flex e-con e-child\" data-id=\"fac228c\" data-element_type=\"container\">\n\t\t\t\t<div class=\"elementor-element elementor-element-78e8021 elementor-widget elementor-widget-text-editor\" data-id=\"78e8021\" data-element_type=\"widget\" data-widget_type=\"text-editor.default\">\n\t\t\t\t<div class=\"elementor-widget-container\">\n\t\t\t\t\t\t\t\t\t<p>Tu es locataire dans un immeuble collectif. Comme beaucoup d\u2019autres personnes en Suisse, tu partages la buanderie et la salle de s\u00e9chage avec tes voisins. Le planning de lavage est d\u00e9fini via une liste ou un fichier Excel, avec des jours fix\u00e9s \u00e0 l\u2019avance. Malheureusement, cela ne correspond plus \u00e0 ton quotidien\u202f: tu ne peux pas toujours laver quand tu veux, et pendant ton cr\u00e9neau, tu dois souvent travailler ou tu n\u2019es pas \u00e0 la maison.     <\/p><p>Lavaresi change \u00e7a, de la fa\u00e7on suivante\u202f:<\/p><ul><li>Plus de planning fixe pour le lavage<\/li><li>Une journ\u00e9e est divis\u00e9e en 2 ou 3 cr\u00e9neaux (par ex. matin, midi, soir\/nuit).<\/li><li>Avec l\u2019app, tu r\u00e9serves le cr\u00e9neau qui te convient \u2013 **seulement quand tu veux vraiment laver. <\/li><li>L\u2019utilisation de l\u2019infrastructure devient plus efficace et le stress entre voisins diminue. (Et \u00e0 c\u00f4t\u00e9 des r\u00e8gles strictes de la maison, il y a souvent la \u00ab\u202floi tacite\u202f\u00bb\u202f: les personnes qui travaillent \u00e0 l\u2019ext\u00e9rieur gardent les cr\u00e9neaux du soir et du week\u2011end.)  <\/li><\/ul><div> <\/div><div>Tout cela est super et r\u00e9duit beaucoup le stress. <\/div><p> <\/p><div>Cela sonne bien, mais comment y parvenir ? Que faire ? <\/div>\t\t\t\t\t\t\t\t<\/div>\n\t\t\t\t<\/div>\n\t\t\t\t<\/div>\n\t\t\t\t<\/div>\n\t\t<div class=\"elementor-element elementor-element-1c5a78e4 e-con-full e-flex e-con e-child\" data-id=\"1c5a78e4\" data-element_type=\"container\">\n\t\t<div class=\"elementor-element elementor-element-324955b5 e-con-full e-flex e-con e-child\" data-id=\"324955b5\" data-element_type=\"container\">\n\t\t\t\t<div class=\"elementor-element elementor-element-4aa53992 elementor-widget elementor-widget-heading\" data-id=\"4aa53992\" data-element_type=\"widget\" data-widget_type=\"heading.default\">\n\t\t\t\t<div class=\"elementor-widget-container\">\n\t\t\t\t\t<h3 class=\"elementor-heading-title elementor-size-default\">Parle \u00e0 ta g\u00e9rance ou \u00e0 ton bailleur<\/h3>\t\t\t\t<\/div>\n\t\t\t\t<\/div>\n\t\t\t\t<div class=\"elementor-element elementor-element-1133e35f elementor-widget__width-initial elementor-widget elementor-widget-text-editor\" data-id=\"1133e35f\" data-element_type=\"widget\" data-widget_type=\"text-editor.default\">\n\t\t\t\t<div class=\"elementor-widget-container\">\n\t\t\t\t\t\t\t\t\t<p>Le mieux est d&rsquo;en parler directment avec ta g\u00e9rance ou d&rsquo;envoyer le lien <a href=\"https:\/\/lavaresi.ch\/fr\/pour-les-bailleurs\/\">\u00e0 https:\/\/lavaresi.ch\/fuer-vermietende\/<\/a> pour qu&rsquo;ils d\u00e9couvrent Lavaresi. <\/p><p>Normalement, les propri\u00e9taires prennent en charge les frais de ce service, car il offre de nombreux avantages \u00e0 la location :<\/p><ul><li>Il n&rsquo;est plus n\u00e9cessaire de cr\u00e9er et de r\u00e9viser des plans de lavage complexes.<\/li><li>En cas de changement de locataire, tout est tr\u00e8s simple.  <\/li><li>Les bailleurs re\u00e7oivent de tr\u00e8s nombreuses donn\u00e9es sur l&rsquo;utilisation exacte de l&rsquo;infrastructure. Cela leur permet de voir tr\u00e8s facilement o\u00f9 les \u00e9quipements sont tr\u00e8s bien utilis\u00e9s et o\u00f9 ils ne le sont pas. Les investissements peuvent \u00eatre tr\u00e8s cibl\u00e9s. Les investissements co\u00fbteux qui ne sont pas n\u00e9cessaires peuvent \u00eatre \u00e9vit\u00e9s.   <\/li><li>Enfin et surtout (et c&rsquo;est le plus important) : Les locataires sont tr\u00e8s satisfaits et la buanderie n&rsquo;est plus un terrain de guerre.  <\/li><\/ul><p><span style=\"background-color: transparent; color: var( --e-global-color-text ); font-family: var( --e-global-typography-text-font-family ), Sans-serif; font-weight: var( --e-global-typography-text-font-weight ); text-align: var(--text-align);\">Lavaresi propose aux bailleurs une installation d&rsquo;essai gratuite de 1 \u00e0 3 mois pour tout un immeuble d&rsquo;habitation. Cela permet \u00e0 toutes les parties concern\u00e9es de d\u00e9couvrir Lavaresi.   <\/span><\/p><p><span style=\"background-color: transparent; color: var( --e-global-color-text ); font-family: var( --e-global-typography-text-font-family ), Sans-serif; font-weight: var( --e-global-typography-text-font-weight ); text-align: var(--text-align);\">Et \u00e0 partir de mi\u20112024, la facturation sera encore plus simple directement via l\u2019app Lavaresi. <\/span><\/p>\t\t\t\t\t\t\t\t<\/div>\n\t\t\t\t<\/div>\n\t\t\t\t<\/div>\n\t\t\t\t<div class=\"elementor-element elementor-element-bf18ee1 elementor-widget__width-initial elementor-widget-tablet__width-inherit elementor-widget elementor-widget-image\" data-id=\"bf18ee1\" data-element_type=\"widget\" data-settings=\"{&quot;motion_fx_motion_fx_scrolling&quot;:&quot;yes&quot;,&quot;motion_fx_translateY_effect&quot;:&quot;yes&quot;,&quot;motion_fx_translateY_speed&quot;:{&quot;unit&quot;:&quot;px&quot;,&quot;size&quot;:&quot;1&quot;,&quot;sizes&quot;:[]},&quot;motion_fx_translateY_affectedRange&quot;:{&quot;unit&quot;:&quot;%&quot;,&quot;size&quot;:&quot;&quot;,&quot;sizes&quot;:{&quot;start&quot;:0,&quot;end&quot;:100}},&quot;motion_fx_devices&quot;:[&quot;desktop&quot;,&quot;tablet&quot;,&quot;mobile&quot;]}\" data-widget_type=\"image.default\">\n\t\t\t\t<div class=\"elementor-widget-container\">\n\t\t\t\t\t\t\t\t\t\t\t\t\t\t\t<img decoding=\"async\" width=\"1200\" height=\"800\" src=\"https:\/\/lavaresi.ch\/wp-content\/uploads\/2024\/04\/tenent-talking-to-owner.jpg\" class=\"attachment-full size-full wp-image-4082\" alt=\"\" srcset=\"https:\/\/lavaresi.ch\/wp-content\/uploads\/2024\/04\/tenent-talking-to-owner.jpg 1200w, https:\/\/lavaresi.ch\/wp-content\/uploads\/2024\/04\/tenent-talking-to-owner-300x200.jpg 300w, https:\/\/lavaresi.ch\/wp-content\/uploads\/2024\/04\/tenent-talking-to-owner-1024x683.jpg 1024w, https:\/\/lavaresi.ch\/wp-content\/uploads\/2024\/04\/tenent-talking-to-owner-768x512.jpg 768w\" sizes=\"(max-width: 1200px) 100vw, 1200px\" \/>\t\t\t\t\t\t\t\t\t\t\t\t\t\t\t<\/div>\n\t\t\t\t<\/div>\n\t\t\t\t<\/div>\n\t\t\t\t\t<\/div>\n\t\t\t\t<\/div>\n\t\t<div class=\"elementor-element elementor-element-a7c26a1 e-flex e-con-boxed e-con e-parent\" data-id=\"a7c26a1\" data-element_type=\"container\" data-settings=\"{&quot;background_background&quot;:&quot;classic&quot;}\">\n\t\t\t\t\t<div class=\"e-con-inner\">\n\t\t<div class=\"elementor-element elementor-element-422634b e-con-full e-flex e-con e-child\" data-id=\"422634b\" data-element_type=\"container\">\n\t\t\t\t<div class=\"elementor-element elementor-element-e25de31 elementor-widget elementor-widget-heading\" data-id=\"e25de31\" data-element_type=\"widget\" data-widget_type=\"heading.default\">\n\t\t\t\t<div class=\"elementor-widget-container\">\n\t\t\t\t\t<h2 class=\"elementor-heading-title elementor-size-default\">Raconte\u2011nous ton histoire\u202f!<\/h2>\t\t\t\t<\/div>\n\t\t\t\t<\/div>\n\t\t\t\t<div class=\"elementor-element elementor-element-3f649944 elementor-widget elementor-widget-text-editor\" data-id=\"3f649944\" data-element_type=\"widget\" data-widget_type=\"text-editor.default\">\n\t\t\t\t<div class=\"elementor-widget-container\">\n\t\t\t\t\t\t\t\t\t<p>Tu veux nous raconter la situation dans ton immeuble\u202f? Quels sont les probl\u00e8mes\u202f? Ce qu\u2019on pourrait am\u00e9liorer\u202f? Et pourquoi Lavaresi serait utile pour toi et tes voisins\u202f?   <\/p><p>Ce serait id\u00e9al si tu pouvais aussi nous donner l\u2019adresse de ta g\u00e9rance. Nous prendrons contact \u2013 bien s\u00fbr sans mentionner ton nom.  <\/p>\t\t\t\t\t\t\t\t<\/div>\n\t\t\t\t<\/div>\n\t\t\t\t<div class=\"elementor-element elementor-element-96d4096 elementor-align-left elementor-mobile-align-center elementor-widget elementor-widget-button\" data-id=\"96d4096\" data-element_type=\"widget\" data-widget_type=\"button.default\">\n\t\t\t\t<div class=\"elementor-widget-container\">\n\t\t\t\t\t\t\t\t\t<div class=\"elementor-button-wrapper\">\n\t\t\t\t\t<a class=\"elementor-button elementor-button-link elementor-size-md\" href=\"https:\/\/lavaresi.ch\/registration-mieter-und-mieterin-lead\/\">\n\t\t\t\t\t\t<span class=\"elementor-button-content-wrapper\">\n\t\t\t\t\t\t<span class=\"elementor-button-icon\">\n\t\t\t\t<i aria-hidden=\"true\" class=\"fas fa-arrow-right\"><\/i>\t\t\t<\/span>\n\t\t\t\t\t\t\t\t\t<span class=\"elementor-button-text\">C'est comme \u00e7a que \u00e7a se passe chez nous !<\/span>\n\t\t\t\t\t<\/span>\n\t\t\t\t\t<\/a>\n\t\t\t\t<\/div>\n\t\t\t\t\t\t\t\t<\/div>\n\t\t\t\t<\/div>\n\t\t\t\t<\/div>\n\t\t<div class=\"elementor-element elementor-element-3623acf3 e-con-full e-flex e-con e-child\" data-id=\"3623acf3\" data-element_type=\"container\">\n\t\t\t\t<div class=\"elementor-element elementor-element-87b9dda elementor-widget elementor-widget-heading\" data-id=\"87b9dda\" data-element_type=\"widget\" data-widget_type=\"heading.default\">\n\t\t\t\t<div class=\"elementor-widget-container\">\n\t\t\t\t\t<h2 class=\"elementor-heading-title elementor-size-default\">et\/ou teste Lavaresi gratuitement avec trois voisins.<\/h2>\t\t\t\t<\/div>\n\t\t\t\t<\/div>\n\t\t\t\t<div class=\"elementor-element elementor-element-45895205 elementor-widget elementor-widget-text-editor\" data-id=\"45895205\" data-element_type=\"widget\" data-widget_type=\"text-editor.default\">\n\t\t\t\t<div class=\"elementor-widget-container\">\n\t\t\t\t\t\t\t\t\t<p>Peut-\u00eatre aimerais-tu l&rsquo;essayer avec trois de tes voisins au maximum ? Tu peux t&rsquo;inscrire, enregistrer tes jours de lavage dans Lavaresi et les mettre en commun. Enfin, tu peux r\u00e9server via l&rsquo;application.   <\/p><p>L&rsquo;objectif est clair :<\/p><p>Du linge propre, des locataires satisfaits, moins de stress et surtout pas de disputes inutiles \u00e0 cause de la buanderie ou dans la buanderie.<\/p><p> <\/p>\t\t\t\t\t\t\t\t<\/div>\n\t\t\t\t<\/div>\n\t\t\t\t<div class=\"elementor-element elementor-element-94fc174 elementor-align-left elementor-mobile-align-center elementor-widget elementor-widget-button\" data-id=\"94fc174\" data-element_type=\"widget\" data-widget_type=\"button.default\">\n\t\t\t\t<div class=\"elementor-widget-container\">\n\t\t\t\t\t\t\t\t\t<div class=\"elementor-button-wrapper\">\n\t\t\t\t\t<a class=\"elementor-button elementor-button-link elementor-size-md\" href=\"https:\/\/lavaresi.ch\/registration-testbetrieb\/\">\n\t\t\t\t\t\t<span class=\"elementor-button-content-wrapper\">\n\t\t\t\t\t\t<span class=\"elementor-button-icon\">\n\t\t\t\t<i aria-hidden=\"true\" class=\"fas fa-arrow-right\"><\/i>\t\t\t<\/span>\n\t\t\t\t\t\t\t\t\t<span class=\"elementor-button-text\">Commencer un test maintenant<\/span>\n\t\t\t\t\t<\/span>\n\t\t\t\t\t<\/a>\n\t\t\t\t<\/div>\n\t\t\t\t\t\t\t\t<\/div>\n\t\t\t\t<\/div>\n\t\t\t\t<\/div>\n\t\t<div class=\"elementor-element elementor-element-61fec1db e-con-full e-flex e-con e-child\" data-id=\"61fec1db\" data-element_type=\"container\">\n\t\t\t\t<div class=\"elementor-element elementor-element-5107739b elementor-widget elementor-widget-image\" data-id=\"5107739b\" data-element_type=\"widget\" data-settings=\"{&quot;motion_fx_motion_fx_scrolling&quot;:&quot;yes&quot;,&quot;motion_fx_translateY_effect&quot;:&quot;yes&quot;,&quot;motion_fx_translateY_speed&quot;:{&quot;unit&quot;:&quot;px&quot;,&quot;size&quot;:&quot;1&quot;,&quot;sizes&quot;:[]},&quot;motion_fx_translateY_affectedRange&quot;:{&quot;unit&quot;:&quot;%&quot;,&quot;size&quot;:&quot;&quot;,&quot;sizes&quot;:{&quot;start&quot;:0,&quot;end&quot;:100}},&quot;motion_fx_devices&quot;:[&quot;desktop&quot;,&quot;tablet&quot;,&quot;mobile&quot;]}\" data-widget_type=\"image.default\">\n\t\t\t\t<div class=\"elementor-widget-container\">\n\t\t\t\t\t\t\t\t\t\t\t\t\t\t\t<img decoding=\"async\" width=\"1200\" height=\"800\" src=\"https:\/\/lavaresi.ch\/wp-content\/uploads\/2024\/04\/man-showing-lavaresi.jpg\" class=\"attachment-full size-full wp-image-4083\" alt=\"\" srcset=\"https:\/\/lavaresi.ch\/wp-content\/uploads\/2024\/04\/man-showing-lavaresi.jpg 1200w, https:\/\/lavaresi.ch\/wp-content\/uploads\/2024\/04\/man-showing-lavaresi-300x200.jpg 300w, https:\/\/lavaresi.ch\/wp-content\/uploads\/2024\/04\/man-showing-lavaresi-1024x683.jpg 1024w, https:\/\/lavaresi.ch\/wp-content\/uploads\/2024\/04\/man-showing-lavaresi-768x512.jpg 768w\" sizes=\"(max-width: 1200px) 100vw, 1200px\" \/>\t\t\t\t\t\t\t\t\t\t\t\t\t\t\t<\/div>\n\t\t\t\t<\/div>\n\t\t\t\t<\/div>\n\t\t\t\t\t<\/div>\n\t\t\t\t<\/div>\n\t\t\t\t<\/div>\n\t\t","protected":false},"excerpt":{"rendered":"<p>Pour les locataires Tu es locataire dans un immeuble collectif. Comme beaucoup d\u2019autres personnes en Suisse, tu partages la buanderie et la salle de s\u00e9chage avec tes voisins. Le planning de lavage est d\u00e9fini via une liste ou un fichier Excel, avec des jours fix\u00e9s \u00e0 l\u2019avance. Malheureusement, cela ne correspond plus \u00e0 ton quotidien\u202f: [&hellip;]<\/p>\n","protected":false},"author":1,"featured_media":0,"parent":0,"menu_order":0,"comment_status":"closed","ping_status":"closed","template":"","meta":{"footnotes":""},"class_list":["post-4079","page","type-page","status-publish","hentry"],"_links":{"self":[{"href":"https:\/\/lavaresi.ch\/fr\/wp-json\/wp\/v2\/pages\/4079","targetHints":{"allow":["GET"]}}],"collection":[{"href":"https:\/\/lavaresi.ch\/fr\/wp-json\/wp\/v2\/pages"}],"about":[{"href":"https:\/\/lavaresi.ch\/fr\/wp-json\/wp\/v2\/types\/page"}],"author":[{"embeddable":true,"href":"https:\/\/lavaresi.ch\/fr\/wp-json\/wp\/v2\/users\/1"}],"replies":[{"embeddable":true,"href":"https:\/\/lavaresi.ch\/fr\/wp-json\/wp\/v2\/comments?post=4079"}],"version-history":[{"count":4,"href":"https:\/\/lavaresi.ch\/fr\/wp-json\/wp\/v2\/pages\/4079\/revisions"}],"predecessor-version":[{"id":4089,"href":"https:\/\/lavaresi.ch\/fr\/wp-json\/wp\/v2\/pages\/4079\/revisions\/4089"}],"wp:attachment":[{"href":"https:\/\/lavaresi.ch\/fr\/wp-json\/wp\/v2\/media?parent=4079"}],"curies":[{"name":"wp","href":"https:\/\/api.w.org\/{rel}","templated":true}]}}