{"id":4094,"date":"2024-05-09T11:27:35","date_gmt":"2024-05-09T11:27:35","guid":{"rendered":"https:\/\/lavaresi.ch\/enregistrement-des-investisseurs\/"},"modified":"2025-11-06T13:37:43","modified_gmt":"2025-11-06T13:37:43","slug":"enregistrement-des-investisseurs","status":"publish","type":"page","link":"https:\/\/lavaresi.ch\/fr\/enregistrement-des-investisseurs\/","title":{"rendered":"Enregistrement des investisseurs"},"content":{"rendered":"\t\t<div data-elementor-type=\"wp-page\" data-elementor-id=\"4094\" class=\"elementor elementor-4094 elementor-2515\" data-elementor-post-type=\"page\">\n\t\t\t\t<div class=\"elementor-element elementor-element-2f628168 e-flex e-con-boxed e-con e-parent\" data-id=\"2f628168\" data-element_type=\"container\" data-settings=\"{&quot;background_background&quot;:&quot;gradient&quot;,&quot;shape_divider_bottom&quot;:&quot;waves&quot;}\">\n\t\t\t\t\t<div class=\"e-con-inner\">\n\t\t\t\t<div class=\"elementor-shape elementor-shape-bottom\" aria-hidden=\"true\" data-negative=\"false\">\n\t\t\t<svg xmlns=\"http:\/\/www.w3.org\/2000\/svg\" viewBox=\"0 0 1000 100\" preserveAspectRatio=\"none\">\n\t<path class=\"elementor-shape-fill\" d=\"M421.9,6.5c22.6-2.5,51.5,0.4,75.5,5.3c23.6,4.9,70.9,23.5,100.5,35.7c75.8,32.2,133.7,44.5,192.6,49.7\n\tc23.6,2.1,48.7,3.5,103.4-2.5c54.7-6,106.2-25.6,106.2-25.6V0H0v30.3c0,0,72,32.6,158.4,30.5c39.2-0.7,92.8-6.7,134-22.4\n\tc21.2-8.1,52.2-18.2,79.7-24.2C399.3,7.9,411.6,7.5,421.9,6.5z\"\/>\n<\/svg>\t\t<\/div>\n\t\t\t\t<div class=\"elementor-element elementor-element-22d8c0c1 elementor-widget elementor-widget-heading\" data-id=\"22d8c0c1\" data-element_type=\"widget\" data-widget_type=\"heading.default\">\n\t\t\t\t<div class=\"elementor-widget-container\">\n\t\t\t\t\t<h1 class=\"elementor-heading-title elementor-size-default\">Enregistrement investisseur<\/h1>\t\t\t\t<\/div>\n\t\t\t\t<\/div>\n\t\t\t\t\t<\/div>\n\t\t\t\t<\/div>\n\t\t<div class=\"elementor-element elementor-element-30dcb83d e-flex e-con-boxed e-con e-parent\" data-id=\"30dcb83d\" data-element_type=\"container\" data-settings=\"{&quot;background_background&quot;:&quot;classic&quot;}\">\n\t\t\t\t\t<div class=\"e-con-inner\">\n\t\t<div class=\"elementor-element elementor-element-449eaadf e-con-full e-flex e-con e-child\" data-id=\"449eaadf\" data-element_type=\"container\">\n\t\t\t\t<div class=\"elementor-element elementor-element-67bd4b8d elementor-widget elementor-widget-heading\" data-id=\"67bd4b8d\" data-element_type=\"widget\" data-widget_type=\"heading.default\">\n\t\t\t\t<div class=\"elementor-widget-container\">\n\t\t\t\t\t<p class=\"elementor-heading-title elementor-size-default\">Investisseur<\/p>\t\t\t\t<\/div>\n\t\t\t\t<\/div>\n\t\t<div class=\"elementor-element elementor-element-521ff01 e-flex e-con-boxed e-con e-child\" data-id=\"521ff01\" data-element_type=\"container\">\n\t\t\t\t\t<div class=\"e-con-inner\">\n\t\t\t\t<div class=\"elementor-element elementor-element-fe6838d elementor-widget elementor-widget-text-editor\" data-id=\"fe6838d\" data-element_type=\"widget\" data-widget_type=\"text-editor.default\">\n\t\t\t\t<div class=\"elementor-widget-container\">\n\t\t\t\t\t\t\t\t\t<p>La rentabilit\u00e9 \u00e0 long terme de votre investissement est au c\u0153ur de vos pr\u00e9occupations. D&rsquo;une part, vous souhaitez offrir \u00e0 vos clients un rapport qualit\u00e9\/prix \u00e9quilibr\u00e9. D&rsquo;autre part, des th\u00e8mes tels que la durabilit\u00e9, le confort et, si possible, des relations \u00e0 long terme avec les clients sont \u00e9galement importants pour vous.  <\/p>\n<p>La satisfaction des clients\/locataires en est la base. En Suisse, les infrastructures de lavage et de s\u00e9chage sont tr\u00e8s souvent partag\u00e9es. Cela permet d&rsquo;\u00e9conomiser de l&rsquo;espace, mais aussi de r\u00e9duire les co\u00fbts (moins d&rsquo;investissements et d&rsquo;espace dans les diff\u00e9rentes unit\u00e9s d&rsquo;habitation). Malheureusement, les plans de lavage rigides entra\u00eenent souvent des conflits.   <\/p>\n<p>C&rsquo;est l\u00e0 que Lavaresi intervient. Notre objectif est d&rsquo;organiser une buanderie ou un local de s\u00e9chage commun de mani\u00e8re moderne, simple et agr\u00e9able pour toutes les parties concern\u00e9es. Cela donne plus de flexibilit\u00e9 aux locataires, moins de travail et surtout moins d&rsquo;ennuis \u00e0 la g\u00e9rance de l&rsquo;immeuble, et un b\u00e9n\u00e9fice \u00e0 long terme aux propri\u00e9taires\/investisseurs (moins d&rsquo;investissements dans les appareils et l&rsquo;espace n\u00e9cessaire, moins d&rsquo;efforts dans la gestion de l&rsquo;immeuble, moins de changements de locataires, des locataires satisfaits, etc.)  &nbsp;<\/p>\n<p>Vous souhaitez nous parler des possibilit\u00e9s qui s&rsquo;offrent \u00e0 vous dans votre r\u00e9gion ? Nous en serions tr\u00e8s heureux. Nous sommes \u00e0 votre disposition \u00e0 tout moment.  <\/p>\n<p><br><\/p>\t\t\t\t\t\t\t\t<\/div>\n\t\t\t\t<\/div>\n\t\t\t\t\t<\/div>\n\t\t\t\t<\/div>\n\t\t\t\t<div class=\"elementor-element elementor-element-8b6413d elementor-widget elementor-widget-html\" data-id=\"8b6413d\" data-element_type=\"widget\" data-widget_type=\"html.default\">\n\t\t\t\t<div class=\"elementor-widget-container\">\n\t\t\t\t\t\t\t\t\t<\/div>\n\t\t\t\t<\/div>\n\t\t\t\t<\/div>\n\t\t<div class=\"elementor-element elementor-element-77241254 e-con-full e-flex e-con e-child\" data-id=\"77241254\" data-element_type=\"container\">\n\t\t\t\t<div class=\"elementor-element elementor-element-4244dd6 elementor-widget elementor-widget-image\" data-id=\"4244dd6\" data-element_type=\"widget\" data-settings=\"{&quot;motion_fx_motion_fx_scrolling&quot;:&quot;yes&quot;,&quot;motion_fx_translateY_effect&quot;:&quot;yes&quot;,&quot;motion_fx_translateY_speed&quot;:{&quot;unit&quot;:&quot;px&quot;,&quot;size&quot;:&quot;1&quot;,&quot;sizes&quot;:[]},&quot;motion_fx_translateY_affectedRange&quot;:{&quot;unit&quot;:&quot;%&quot;,&quot;size&quot;:&quot;&quot;,&quot;sizes&quot;:{&quot;start&quot;:0,&quot;end&quot;:100}},&quot;motion_fx_devices&quot;:[&quot;desktop&quot;,&quot;tablet&quot;,&quot;mobile&quot;]}\" data-widget_type=\"image.default\">\n\t\t\t\t<div class=\"elementor-widget-container\">\n\t\t\t\t\t\t\t\t\t\t\t\t\t\t\t<img fetchpriority=\"high\" decoding=\"async\" width=\"1200\" height=\"800\" src=\"https:\/\/lavaresi.ch\/wp-content\/uploads\/2024\/04\/businesswoman-accounting-using-phone-calculating-i-2023-11-27-05-12-39-utc.jpeg\" class=\"attachment-full size-full wp-image-4074\" alt=\"\" srcset=\"https:\/\/lavaresi.ch\/wp-content\/uploads\/2024\/04\/businesswoman-accounting-using-phone-calculating-i-2023-11-27-05-12-39-utc.jpeg 1200w, https:\/\/lavaresi.ch\/wp-content\/uploads\/2024\/04\/businesswoman-accounting-using-phone-calculating-i-2023-11-27-05-12-39-utc-300x200.jpeg 300w, https:\/\/lavaresi.ch\/wp-content\/uploads\/2024\/04\/businesswoman-accounting-using-phone-calculating-i-2023-11-27-05-12-39-utc-1024x683.jpeg 1024w, https:\/\/lavaresi.ch\/wp-content\/uploads\/2024\/04\/businesswoman-accounting-using-phone-calculating-i-2023-11-27-05-12-39-utc-768x512.jpeg 768w\" sizes=\"(max-width: 1200px) 100vw, 1200px\" \/>\t\t\t\t\t\t\t\t\t\t\t\t\t\t\t<\/div>\n\t\t\t\t<\/div>\n\t\t\t\t<\/div>\n\t\t\t\t\t<\/div>\n\t\t\t\t<\/div>\n\t\t\t\t<\/div>\n\t\t","protected":false},"excerpt":{"rendered":"<p>Enregistrement investisseur Investisseur La rentabilit\u00e9 \u00e0 long terme de votre investissement est au c\u0153ur de vos pr\u00e9occupations. D&rsquo;une part, vous souhaitez offrir \u00e0 vos clients un rapport qualit\u00e9\/prix \u00e9quilibr\u00e9. D&rsquo;autre part, des th\u00e8mes tels que la durabilit\u00e9, le confort et, si possible, des relations \u00e0 long terme avec les clients sont \u00e9galement importants pour vous. [&hellip;]<\/p>\n","protected":false},"author":1,"featured_media":0,"parent":0,"menu_order":0,"comment_status":"closed","ping_status":"closed","template":"elementor_header_footer","meta":{"footnotes":""},"class_list":["post-4094","page","type-page","status-publish","hentry"],"_links":{"self":[{"href":"https:\/\/lavaresi.ch\/fr\/wp-json\/wp\/v2\/pages\/4094","targetHints":{"allow":["GET"]}}],"collection":[{"href":"https:\/\/lavaresi.ch\/fr\/wp-json\/wp\/v2\/pages"}],"about":[{"href":"https:\/\/lavaresi.ch\/fr\/wp-json\/wp\/v2\/types\/page"}],"author":[{"embeddable":true,"href":"https:\/\/lavaresi.ch\/fr\/wp-json\/wp\/v2\/users\/1"}],"replies":[{"embeddable":true,"href":"https:\/\/lavaresi.ch\/fr\/wp-json\/wp\/v2\/comments?post=4094"}],"version-history":[{"count":1,"href":"https:\/\/lavaresi.ch\/fr\/wp-json\/wp\/v2\/pages\/4094\/revisions"}],"predecessor-version":[{"id":4095,"href":"https:\/\/lavaresi.ch\/fr\/wp-json\/wp\/v2\/pages\/4094\/revisions\/4095"}],"wp:attachment":[{"href":"https:\/\/lavaresi.ch\/fr\/wp-json\/wp\/v2\/media?parent=4094"}],"curies":[{"name":"wp","href":"https:\/\/api.w.org\/{rel}","templated":true}]}}